{"id":1327,"date":"2022-02-02T10:24:38","date_gmt":"2022-02-02T10:24:38","guid":{"rendered":"http:\/\/energymanager.eu\/?page_id=1327"},"modified":"2022-02-11T14:44:34","modified_gmt":"2022-02-11T14:44:34","slug":"management-of-the-eurem-network","status":"publish","type":"page","link":"https:\/\/energymanager.eu\/en\/contact\/management-of-the-eurem-network\/","title":{"rendered":"Management of the EUREM-network"},"content":{"rendered":"<div class=\"fusion-fullwidth fullwidth-box fusion-builder-row-1 fusion-flex-container nonhundred-percent-fullwidth non-hundred-percent-height-scrolling\" style=\"--awb-border-radius-top-left:0px;--awb-border-radius-top-right:0px;--awb-border-radius-bottom-right:0px;--awb-border-radius-bottom-left:0px;--awb-flex-wrap:wrap;\" ><div class=\"fusion-builder-row fusion-row fusion-flex-align-items-flex-start fusion-flex-content-wrap\" style=\"max-width:1144px;margin-left: calc(-4% \/ 2 );margin-right: calc(-4% \/ 2 );\"><div class=\"fusion-layout-column fusion_builder_column fusion-builder-column-0 fusion_builder_column_1_1 1_1 fusion-flex-column\" style=\"--awb-bg-size:cover;--awb-width-large:100%;--awb-margin-top-large:0px;--awb-spacing-right-large:1.92%;--awb-margin-bottom-large:0px;--awb-spacing-left-large:1.92%;--awb-width-medium:100%;--awb-spacing-right-medium:1.92%;--awb-spacing-left-medium:1.92%;--awb-width-small:100%;--awb-spacing-right-small:1.92%;--awb-spacing-left-small:1.92%;\"><div class=\"fusion-column-wrapper fusion-flex-justify-content-flex-start fusion-content-layout-column\"><div class=\"fusion-text fusion-text-1\"><p>The EUREM organisation is a joint venture of international training providers managed by the shareholder of the EUREM International GmbH.<\/p>\n<h3>Nuremberg Chamber of Commerce and Industry, Germany<\/h3>\n<p>Dr. Robert SCHMIDT<br \/>\nPhone: +49 911 1335-1299<br \/>\n<a href=\"mailto:robert.schmidt@nuernberg.ihk.de\">robert.schmidt@nuernberg.ihk.de<\/a><\/p>\n<h3>Austrian Economic Chamber (WK\u00d6), Austria<\/h3>\n<p>Claudia H\u00dcBSCH<br \/>\nPhone: +43 590900-3007<br \/>\n<a href=\"mailto:claudia.huebsch@wko.at\">claudia.huebsch@wko.at<\/a><\/p>\n<h3>AHK Services, Czech Republic<\/h3>\n<p>Ren\u00e9 HARUN<br \/>\nPhone: +420 221490302<br \/>\n<a href=\"mailto:harun@dtihk.cz\">harun@dtihk.cz<\/a><\/p>\n<h3>Ammattienedist\u00e4mislaitoss\u00e4\u00e4tio AEL sr, Finland<\/h3>\n<p>Kari JUNTUNEN<br \/>\nPhone: +358 44 7224 734<br \/>\n<a href=\"mailto:kari.juntunen@ael.fi\">kari.juntunen@ael.fi<\/a><\/p>\n<h3>German Hellenic Chamber of Industry and Commerce, Greece<\/h3>\n<p>Dr. Athanassios KELEMIS<br \/>\nPhone:+30 2310 327733<br \/>\n<a href=\"mailto:a.kelemis@mail.ahk-germany.de\">a.kelemis@mail.ahk-germany.de<\/a><\/p>\n<\/div><\/div><\/div><\/div><\/div>\n","protected":false},"excerpt":{"rendered":"","protected":false},"author":1,"featured_media":0,"parent":1325,"menu_order":0,"comment_status":"closed","ping_status":"closed","template":"","meta":{"footnotes":""},"class_list":["post-1327","page","type-page","status-publish","hentry"],"aioseo_notices":[],"jetpack_sharing_enabled":true,"_links":{"self":[{"href":"https:\/\/energymanager.eu\/en\/wp-json\/wp\/v2\/pages\/1327","targetHints":{"allow":["GET"]}}],"collection":[{"href":"https:\/\/energymanager.eu\/en\/wp-json\/wp\/v2\/pages"}],"about":[{"href":"https:\/\/energymanager.eu\/en\/wp-json\/wp\/v2\/types\/page"}],"author":[{"embeddable":true,"href":"https:\/\/energymanager.eu\/en\/wp-json\/wp\/v2\/users\/1"}],"replies":[{"embeddable":true,"href":"https:\/\/energymanager.eu\/en\/wp-json\/wp\/v2\/comments?post=1327"}],"version-history":[{"count":3,"href":"https:\/\/energymanager.eu\/en\/wp-json\/wp\/v2\/pages\/1327\/revisions"}],"predecessor-version":[{"id":1635,"href":"https:\/\/energymanager.eu\/en\/wp-json\/wp\/v2\/pages\/1327\/revisions\/1635"}],"up":[{"embeddable":true,"href":"https:\/\/energymanager.eu\/en\/wp-json\/wp\/v2\/pages\/1325"}],"wp:attachment":[{"href":"https:\/\/energymanager.eu\/en\/wp-json\/wp\/v2\/media?parent=1327"}],"curies":[{"name":"wp","href":"https:\/\/api.w.org\/{rel}","templated":true}]}}