{"id":636,"date":"2022-02-02T07:46:54","date_gmt":"2022-02-02T07:46:54","guid":{"rendered":"http:\/\/energymanager.eu\/?page_id=636"},"modified":"2022-02-16T10:22:47","modified_gmt":"2022-02-16T10:22:47","slug":"best-practice","status":"publish","type":"page","link":"http:\/\/energymanager.eu\/en\/best-practice\/","title":{"rendered":"Best-Practice"},"content":{"rendered":"<div class=\"fusion-fullwidth fullwidth-box fusion-builder-row-1 nonhundred-percent-fullwidth non-hundred-percent-height-scrolling\" style=\"--awb-border-radius-top-left:0px;--awb-border-radius-top-right:0px;--awb-border-radius-bottom-right:0px;--awb-border-radius-bottom-left:0px;--awb-flex-wrap:wrap;\" ><div class=\"fusion-builder-row fusion-row\"><div class=\"fusion-layout-column fusion_builder_column fusion-builder-column-0 fusion_builder_column_1_1 1_1 fusion-one-full fusion-column-first fusion-column-last\" style=\"--awb-bg-size:cover;--awb-margin-bottom:0px;\"><div class=\"fusion-column-wrapper fusion-flex-column-wrapper-legacy\"><div class=\"fusion-title title fusion-title-1 fusion-sep-none fusion-title-text fusion-title-size-two\" style=\"--awb-margin-top-small:0px;--awb-margin-right-small:0px;--awb-margin-bottom-small:20px;--awb-margin-left-small:0px;\"><h2 class=\"fusion-title-heading title-heading-left\" style=\"margin:0;\">Numbers, data, facts:<\/h2><\/div><div class=\"fusion-text fusion-text-1\" style=\"--awb-text-transform:none;\"><p><span title=\"Die beachtlichen CO2-, Energie- und Kosteneinsparpotenziale, die von den Europ\u00e4ischen EnergieManagern mit ihren Projektarbeiten ermittelt werden, zeigen, dass EUREM der richtige Weg ist, um Energieeffizienz in der betrieblichen Praxis umzusetzen und damit \u00f6konomische und \u00f6kologische Vorteile zu realisieren. \">The considerable <\/span>CO<sub>2<\/sub><span title=\"Die beachtlichen CO2-, Energie- und Kosteneinsparpotenziale, die von den Europ\u00e4ischen EnergieManagern mit ihren Projektarbeiten ermittelt werden, zeigen, dass EUREM der richtige Weg ist, um Energieeffizienz in der betrieblichen Praxis umzusetzen und damit \u00f6konomische und \u00f6kologische Vorteile zu realisieren. \">, energy and cost savings, which are determined by the European energy managers with their project work, show that EUREM is the right way to implement energy efficiency in industrial practice and thus to achieve economic and ecological benefits.<\/span><\/p>\n<p><span title=\"Kontinuierliche Auswertungen der EUREM Projektarbeiten (Energy Concepts) weltweit ergaben, dass jeder Europ\u00e4ische EnergieManager mit seiner im EUREM-Training erarbeiteten Projektarbeit durchschnittlich folgende Einsparungen erzielte: \">Continuous evaluation of the EUREM project work (Energy Concepts) have revealed worldwide that each European EnergyManager achieved the following average savings with his\/her project work develooped in the EUREM training: <\/span><\/p>\n<\/div><ul style=\"--awb-size:13px;--awb-iconcolor:#8bc34a;--awb-line-height:22.1px;--awb-icon-width:22.1px;--awb-icon-height:22.1px;--awb-icon-margin:9.1px;--awb-content-margin:31.2px;\" class=\"fusion-checklist fusion-checklist-1 fusion-checklist-default type-icons\"><li class=\"fusion-li-item\" style=\"\"><span class=\"icon-wrapper circle-no\"><i class=\"fusion-li-icon fa-chevron-right fas\" aria-hidden=\"true\"><\/i><\/span><div class=\"fusion-li-item-content\">\n<p><span title=\"\u2022Energieeinsparung pro EnergieManager: 750 MWh\/a \"><strong><span style=\"color: #004b89;\"> Energy savings per energy manager: 950 MWh \/ a<\/span><\/strong><br \/>\n<\/span><\/p>\n<\/div><\/li><li class=\"fusion-li-item\" style=\"\"><span class=\"icon-wrapper circle-no\"><i class=\"fusion-li-icon fa-chevron-right fas\" aria-hidden=\"true\"><\/i><\/span><div class=\"fusion-li-item-content\">\n<p><span title=\"\u2022Kosteneinsparung pro EnergieManager: \u2265 30.000 EUR\/a \"><span style=\"color: #004b89;\"><strong>Cost savings per energy manager: \u2265 80,000 EUR \/ a<\/strong><\/span><br \/>\n<\/span><\/p>\n<\/div><\/li><li class=\"fusion-li-item\" style=\"\"><span class=\"icon-wrapper circle-no\"><i class=\"fusion-li-icon fa-chevron-right fas\" aria-hidden=\"true\"><\/i><\/span><div class=\"fusion-li-item-content\">\n<p><span style=\"color: #004b89;\"><strong>CO<sub>2<\/sub><\/strong><strong><span title=\"\u2022CO2-Reduktion pro EnergieManager: \u2265 200 t\/a \"><strong> reduct<\/strong><\/span><\/strong><strong><span title=\"\u2022CO2-Reduktion pro EnergieManager: \u2265 200 t\/a \">ion per energy manager: \u2265 550 t \/ a<\/span><\/strong><\/span><\/p>\n<\/div><\/li><\/ul><div class=\"fusion-text fusion-text-2\"><p><span title=\"Der Gro\u00dfteil der betrieblichen Projekte rechnet sich in zwei bis drei Jahren.\"><br \/>\nThe majority of operational projects pay off in two to three years. <\/span><span title=\"Erfreulich, dass im Schnitt mehr als 75 Prozent, d.h.\">It is pleasing to note that on average more than 75 percent, i.e. <\/span><span title=\"drei von vier, der von den Europ\u00e4ischen EnergieManagern w\u00e4hrend des Trainings erarbeiteten Energieeffizienzprojekte umgesetzt werden. \">three out of four, of the energy efficiency projects developed by the European EnergyManagers during the EUREM training are implemented at the end.<\/span><\/p>\n<p><span title=\"drei von vier, der von den Europ\u00e4ischen EnergieManagern w\u00e4hrend des Trainings erarbeiteten Energieeffizienzprojekte umgesetzt werden. \">The energy saving potential identified by the European EnergyManagers in the EUREM courses is in <span title=\"Das von Europ\u00e4ischen EnergieManagern in den EUREM-Lehrg\u00e4ngen ermittelte Energieeinsparpotenzial liegt in der Gr\u00f6\u00dfenordnung von 2250 Mio GWh\/a.\">the order of 2,250 million GWh\/a<\/span>. <span title=\"Das entspricht dem Energieverbrauch von 562.500 Haushalten bzw. ca. einem Drittel der j\u00e4hrlichen Stromproduktion eines Atomkraftwerks. \">This corresponds to the energy consumption of 562,500 households<\/span> or about one third of the annual electricity production of a nuclear power plant.<\/span><\/p>\n<p><span title=\"Das von Europ\u00e4ischen EnergieManagern in den EUREM-Lehrg\u00e4ngen ermittelte Energieeinsparpotenzial liegt in der Gr\u00f6\u00dfenordnung von 2250 Mio GWh\/a.\">Therefore, EUREM is a tried and tested instrument for achieving the energy and climate policy targets of the European Union by 2020.<\/span><\/p>\n<\/div><div class=\"fusion-title title fusion-title-2 fusion-sep-none fusion-title-text fusion-title-size-two\" style=\"--awb-margin-top-small:0px;--awb-margin-right-small:0px;--awb-margin-bottom-small:20px;--awb-margin-left-small:0px;\"><h2 class=\"fusion-title-heading title-heading-left\" style=\"margin:0;\">Best practice examples:<\/h2><\/div><div class=\"fusion-text fusion-text-3\"><p><span title=\"Best-Practice Beispiele \">Here is a selection of successful EUREM best practice examples which have been implemented in companies.<\/span><\/p>\n<\/div><div class=\"fusion-video fusion-youtube\" style=\"--awb-max-width:600px;--awb-max-height:360px;\"><div class=\"video-shortcode\"><div class=\"fluid-width-video-wrapper\" style=\"padding-top:60%;\" ><iframe class=\"fusion-hidden\" data-privacy-type=\"youtube\" src=\"\" title=\"YouTube video player 1\" data-privacy-src=\"https:\/\/www.youtube.com\/embed\/F7dww_u3IPg?wmode=transparent&autoplay=0\" width=\"600\" height=\"360\" allowfullscreen allow=\"autoplay; clipboard-write; encrypted-media; gyroscope; picture-in-picture;\"><\/iframe><div class=\"fusion-privacy-placeholder\" style=\"width:600px; height:360px;\" data-privacy-type=\"youtube\"><div class=\"fusion-privacy-placeholder-content\"><div class=\"fusion-privacy-label\">For privacy reasons YouTube needs your permission to be loaded.<\/div><button data-privacy-type=\"youtube\" class=\"fusion-button button-default fusion-button-default-size button fusion-privacy-consent\">I Accept<\/button><\/div><\/div><\/div><\/div><\/div><div class=\"fusion-sep-clear\"><\/div><div class=\"fusion-separator fusion-full-width-sep\" style=\"margin-left: auto;margin-right: auto;width:100%;\"><\/div><div class=\"fusion-sep-clear\"><\/div><div class=\"fusion-video fusion-youtube\" style=\"--awb-max-width:600px;--awb-max-height:360px;\"><div class=\"video-shortcode\"><div class=\"fluid-width-video-wrapper\" style=\"padding-top:60%;\" ><iframe class=\"fusion-hidden\" data-privacy-type=\"youtube\" src=\"\" title=\"YouTube video player 2\" data-privacy-src=\"https:\/\/www.youtube.com\/embed\/UET0YTishk0?wmode=transparent&autoplay=0\" width=\"600\" height=\"360\" allowfullscreen allow=\"autoplay; clipboard-write; encrypted-media; gyroscope; picture-in-picture;\"><\/iframe><div class=\"fusion-privacy-placeholder\" style=\"width:600px; height:360px;\" data-privacy-type=\"youtube\"><div class=\"fusion-privacy-placeholder-content\"><div class=\"fusion-privacy-label\">For privacy reasons YouTube needs your permission to be loaded.<\/div><button data-privacy-type=\"youtube\" class=\"fusion-button button-default fusion-button-default-size button fusion-privacy-consent\">I Accept<\/button><\/div><\/div><\/div><\/div><\/div><div class=\"fusion-sep-clear\"><\/div><div class=\"fusion-separator fusion-full-width-sep\" style=\"margin-left: auto;margin-right: auto;width:100%;\"><\/div><div class=\"fusion-sep-clear\"><\/div><div class=\"fusion-video fusion-youtube\" style=\"--awb-max-width:600px;--awb-max-height:360px;\"><div class=\"video-shortcode\"><div class=\"fluid-width-video-wrapper\" style=\"padding-top:60%;\" ><iframe class=\"fusion-hidden\" data-privacy-type=\"youtube\" src=\"\" title=\"YouTube video player 3\" data-privacy-src=\"https:\/\/www.youtube.com\/embed\/IppAH3Z_aOY?wmode=transparent&autoplay=0\" width=\"600\" height=\"360\" allowfullscreen allow=\"autoplay; clipboard-write; encrypted-media; gyroscope; picture-in-picture;\"><\/iframe><div class=\"fusion-privacy-placeholder\" style=\"width:600px; height:360px;\" data-privacy-type=\"youtube\"><div class=\"fusion-privacy-placeholder-content\"><div class=\"fusion-privacy-label\">For privacy reasons YouTube needs your permission to be loaded.<\/div><button data-privacy-type=\"youtube\" class=\"fusion-button button-default fusion-button-default-size button fusion-privacy-consent\">I Accept<\/button><\/div><\/div><\/div><\/div><\/div><div class=\"fusion-section-separator section-separator slant fusion-section-separator-1\" style=\"--awb-spacer-height:99px;--awb-svg-margin-left:0;--awb-svg-margin-right:0;--awb-divider-height:99px;--awb-spacer-padding-top:inherit;--awb-sep-padding:0;--awb-svg-padding:0;\"><div class=\"fusion-section-separator-svg\"><svg class=\"fusion-slant-candy\" xmlns=\"http:\/\/www.w3.org\/2000\/svg\" version=\"1.1\" width=\"100%\" height=\"100\" viewBox=\"0 0 100 100\" preserveAspectRatio=\"none\" fill=\"rgba(149,193,31,1)\"><path d=\"M0 100 L0 0 L100 0 Z\"><\/path><\/svg><\/div><div class=\"fusion-section-separator-spacer\"><div class=\"fusion-section-separator-spacer-height\"><\/div><\/div><\/div><div class=\"fusion-title title fusion-title-3 fusion-sep-none fusion-title-text fusion-title-size-two\" style=\"--awb-margin-top-small:0px;--awb-margin-right-small:0px;--awb-margin-bottom-small:20px;--awb-margin-left-small:0px;\"><h2 class=\"fusion-title-heading title-heading-left\" style=\"margin:0;\"><span style=\"color: #000000;\">Find more videos here:<\/span><\/h2><\/div><ul style=\"--awb-line-height:23.8px;--awb-icon-width:23.8px;--awb-icon-height:23.8px;--awb-icon-margin:9.8px;--awb-content-margin:33.6px;--awb-circlecolor:#95c11f;--awb-circle-yes-font-size:12.32px;\" class=\"fusion-checklist fusion-checklist-2 fusion-checklist-default type-icons\"><li class=\"fusion-li-item\" style=\"\"><span class=\"icon-wrapper circle-yes\"><i class=\"fusion-li-icon fa-angle-right fas\" aria-hidden=\"true\"><\/i><\/span><div class=\"fusion-li-item-content\">\n<p><a href=\"https:\/\/www.youtube.com\/watch?v=klOng__3Rwk\"><span style=\"color: #004b89;\">Romania<\/span><\/a><\/p>\n<\/div><\/li><li class=\"fusion-li-item\" style=\"\"><span class=\"icon-wrapper circle-yes\"><i class=\"fusion-li-icon fa-angle-right fas\" aria-hidden=\"true\"><\/i><\/span><div class=\"fusion-li-item-content\">\n<p><a href=\"https:\/\/www.youtube.com\/watch?v=NlBHd5ik9iY\"><span style=\"color: #004b89;\">Czech Republic<\/span><\/a><\/p>\n<\/div><\/li><li class=\"fusion-li-item\" style=\"\"><span class=\"icon-wrapper circle-yes\"><i class=\"fusion-li-icon fa-angle-right fas\" aria-hidden=\"true\"><\/i><\/span><div class=\"fusion-li-item-content\">\n<p><a href=\"https:\/\/www.youtube.com\/watch?v=-Y8607xKOHk\"><span style=\"color: #004b89;\">Bulgaria<\/span><\/a><\/p>\n<\/div><\/li><li class=\"fusion-li-item\" style=\"\"><span class=\"icon-wrapper circle-yes\"><i class=\"fusion-li-icon fa-angle-right fas\" aria-hidden=\"true\"><\/i><\/span><div class=\"fusion-li-item-content\">\n<p><a href=\"https:\/\/www.youtube.com\/watch?v=KV5RSmupyHQ\"><span style=\"color: #004b89;\">Poland<\/span><\/a><\/p>\n<\/div><\/li><li class=\"fusion-li-item\" style=\"\"><span class=\"icon-wrapper circle-yes\"><i class=\"fusion-li-icon fa-angle-right fas\" aria-hidden=\"true\"><\/i><\/span><div class=\"fusion-li-item-content\">\n<p><a href=\"https:\/\/www.youtube.com\/watch?v=OXRSQvokM7M\"><span style=\"color: #004b89;\">Cyprus<\/span><\/a><\/p>\n<\/div><\/li><\/ul><div class=\"fusion-clearfix\"><\/div><\/div><\/div><\/div><\/div>\n","protected":false},"excerpt":{"rendered":"","protected":false},"author":1,"featured_media":0,"parent":0,"menu_order":0,"comment_status":"closed","ping_status":"closed","template":"","meta":{"footnotes":""},"class_list":["post-636","page","type-page","status-publish","hentry"],"aioseo_notices":[],"jetpack_sharing_enabled":true,"_links":{"self":[{"href":"http:\/\/energymanager.eu\/en\/wp-json\/wp\/v2\/pages\/636","targetHints":{"allow":["GET"]}}],"collection":[{"href":"http:\/\/energymanager.eu\/en\/wp-json\/wp\/v2\/pages"}],"about":[{"href":"http:\/\/energymanager.eu\/en\/wp-json\/wp\/v2\/types\/page"}],"author":[{"embeddable":true,"href":"http:\/\/energymanager.eu\/en\/wp-json\/wp\/v2\/users\/1"}],"replies":[{"embeddable":true,"href":"http:\/\/energymanager.eu\/en\/wp-json\/wp\/v2\/comments?post=636"}],"version-history":[{"count":3,"href":"http:\/\/energymanager.eu\/en\/wp-json\/wp\/v2\/pages\/636\/revisions"}],"predecessor-version":[{"id":1875,"href":"http:\/\/energymanager.eu\/en\/wp-json\/wp\/v2\/pages\/636\/revisions\/1875"}],"wp:attachment":[{"href":"http:\/\/energymanager.eu\/en\/wp-json\/wp\/v2\/media?parent=636"}],"curies":[{"name":"wp","href":"https:\/\/api.w.org\/{rel}","templated":true}]}}