{"id":1539,"date":"2022-02-08T13:48:54","date_gmt":"2022-02-08T13:48:54","guid":{"rendered":"http:\/\/energymanager.eu\/?page_id=1539"},"modified":"2022-02-08T15:47:44","modified_gmt":"2022-02-08T15:47:44","slug":"history","status":"publish","type":"page","link":"http:\/\/energymanager.eu\/en\/history\/","title":{"rendered":"History"},"content":{"rendered":"<div class=\"fusion-fullwidth fullwidth-box fusion-builder-row-1 nonhundred-percent-fullwidth non-hundred-percent-height-scrolling\" style=\"--awb-border-radius-top-left:0px;--awb-border-radius-top-right:0px;--awb-border-radius-bottom-right:0px;--awb-border-radius-bottom-left:0px;--awb-flex-wrap:wrap;\" ><div class=\"fusion-builder-row fusion-row\"><div class=\"fusion-layout-column fusion_builder_column fusion-builder-column-0 fusion_builder_column_1_1 1_1 fusion-one-full fusion-column-first fusion-column-last\" style=\"--awb-bg-size:cover;--awb-margin-bottom:0px;\"><div class=\"fusion-column-wrapper fusion-flex-column-wrapper-legacy\"><div class=\"fusion-title title fusion-title-1 fusion-sep-none fusion-title-text fusion-title-size-two\" style=\"--awb-margin-top-small:0px;--awb-margin-right-small:0px;--awb-margin-bottom-small:20px;--awb-margin-left-small:0px;\"><h2 class=\"fusion-title-heading title-heading-left\" style=\"margin:0;\"><span title=\"Wie hat alles begonnen? \">How did it all begin?<\/span><\/h2><\/div><div class=\"fusion-text fusion-text-1\"><p><span title=\"Bereits 1999 hat die Industrie- und Handelskammer N\u00fcrnberg f\u00fcr Mittelfranken (IHK) mit der EUREM Initiative begonnen und erste Praxistrainings \u201eEnergieManager (IHK)\u201c in Deutschland durchgef\u00fchrt.\">In 1999 the Chamber of Commerce (CCI) Nuremberg for Central Franconia started the EUREM initiative with the first practical training &#8220;Energy Manager (CCI)&#8221; in Germany. <\/span><span title=\"Darauf aufbauend wurde EUREM zwischen 2003 und 2005 im Rahmen eines EU-Projekts von der N\u00fcrnberger IHK (Federf\u00fchrung), der Deutsch-Portugiesischen Industrie- und Handelskammer in Lissabon (DUAL), The Energy Institute in London und der Wirtschaftskammer \u00d6sterreich (WK\u00d6) in Wien\"> EUREM was developed between 2003 and 2005 as part of an EU project of the Nuremberg Chamber of Commerce (lead), the German-Portuguese Chamber of Commerce in Lisbon (DUAL), The Energy Institute in London and the Economic Chamber Austria (WK\u00d6) in Vienna. <\/span><\/p>\n<p><span title=\"Mit EUREM.NET \u2013 Training and Network of European EnergyManagers \u2013 einem EU Folgeprojekt \u2013 wurde dieses Trainings- und Netzwerkprogramm zwischen 2006 und 2009 in neun weiteren EU-Staaten implementiert. \">With EUREM.NET &#8211; Training and Network of European Energy Managers &#8211; an EU follow-up project &#8211; this training and networking program has been implemented in nine other EU countries between 2006 and 2009. <\/span><\/p>\n<\/div><div class=\"fusion-title title fusion-title-2 fusion-sep-none fusion-title-text fusion-title-size-two\" style=\"--awb-margin-top-small:0px;--awb-margin-right-small:0px;--awb-margin-bottom-small:20px;--awb-margin-left-small:0px;\"><h2 class=\"fusion-title-heading title-heading-left\" style=\"margin:0;\"><span title=\"Wo fanden die ersten EUREM Trainings statt? \">Where did the first EUREM training took place?<\/span><\/h2><\/div><div class=\"fusion-text fusion-text-2\"><p><span title=\"Die ersten EUREM Trainings wurden 2004 in Deutschland, Gro\u00dfbritannien, \u00d6sterreich und Portugal sowie 2008 in Estland, Finnland, Frankreich, Griechenland, Italien, Polen, Slowenien, Spanien und Tschechien durchgef\u00fchrt.\">The first EUREM training sessions were held in Germany, Great Britain, Austria and Portugal in 2004 and in Estonia, Finland, France, Greece, Italy, Poland, Slovenia, Spain and the Czech Republic in 2008 . <\/span><span title=\"Die EUREM-Anbieter von zehn dieser dreizehn L\u00e4nder haben sich 2009 zum EUREM Consortium zusammengeschlossen, um auch nach Auslaufen der EU-F\u00f6rderungen regelm\u00e4\u00dfig EUREM Trainings durchzuf\u00fchren und die registrierte Marke EUREM weltweit zu verbreiten. \">Ten EUREM provider out of these thirteen countries have joined together in 2009 to create the EUREM consortium. The consortium was established to regularly carry out EUREM trainings and to spread the registered trademark EUREM worldwide even after the EU funding expires.<\/span><\/p>\n<\/div><div class=\"fusion-title title fusion-title-3 fusion-sep-none fusion-title-text fusion-title-size-two\" style=\"--awb-margin-top-small:0px;--awb-margin-right-small:0px;--awb-margin-bottom-small:20px;--awb-margin-left-small:0px;\"><h2 class=\"fusion-title-heading title-heading-left\" style=\"margin:0;\"><span title=\"Wie hat sich EUREM weiterverbreitet? \">How has EUREM become more widespread?<\/span><\/h2><\/div><div class=\"fusion-text fusion-text-3\"><p><span title=\"Da die Qualifizierung zum EnergieManager ein wirksames Mittel zur Steigerung der Energieeffizienz in Unternehmen ist, f\u00f6rdert die Europ\u00e4ische Union die Einf\u00fchrung der Energiemanger-Trainings in sechs weiteren Mitglieds- bzw. Beitrittsl\u00e4ndern aus S\u00fcdosteuropa.\">Since the energy Manager qualification is an effective measure of increasing energy efficiency in companies, the European Union promotes the introduction of EUREM in six other member or candidate countries from Southeast Europe. <\/span><span title=\"Im Mai 2013 startete das von der IHK N\u00fcrnberg initiierte und von der EU kofinanzierte Projekt EUREMplus, welches das Ziel verfolgt, EUREM in den L\u00e4ndern Bulgarien, Kroatien, Mazedonien, Polen, Rum\u00e4nien und Zypern zu etablieren, um dort kleine und mittlere, produzierende Unternehmen energieeffizienter\">In May 2013 started the EU co-funded project EUREMplus which aims to establish the energy Manager training in Bulgaria, Croatia, Macedonia, Poland, Romania and Cyprus to help small and medium manufacturing companies to achieve more energy efficiency there.<\/span><span title=\"zu machen.\"> By finding<\/span><span title=\"Dazu wurden in den jeweiligen Staaten Partnerinstitutionen gewonnen, welche das EUREM Training auf die landesspezifischen Bed\u00fcrfnisse anpassten und die Kurse in ihrem Land einf\u00fchrten.\"> partner institutions the EUREM training was customized to country-specific needs and the courses were introduced in their country. <\/span><span title=\"Die neuen Kursanbieter wurden durch die EUREM Partner aus Deutschland (N\u00fcrnberg), \u00d6sterreich (Wien) und Tschechien (Prag) unterst\u00fctzt und sollten nach einer Anlaufphase das Kursangebot selbstst\u00e4ndig weiterf\u00fchren.\">The new course providers were supported by EUREM partners from Germany (Nuremberg), Austria (Vienna) and the Czech Republic (Prague) and should continue the courses independently after a start-up phase. <\/span><span title=\"Die ersten Praxistrainings wurden erfolgreich implementiert.\">The first practical training have been successfully implemented. E<\/span><span title=\"Sie werden aktuell \u2013 auch nach offiziellem Projektende \u2013 eigenst\u00e4ndig und eigenverantwortlich im Sinne der Nachhaltigkeit weitergef\u00fchrt. \">ven after the official end of the project the training providers continue to operate independently and responsibly in terms of sustainability.<\/span><\/p>\n<p><span title=\"Durch das EU-Projekt EUREMplus konnte das EUREM Training nun um sechs Partnerl\u00e4nder auf insgesamt 30 Staaten ausgedehnt werden.\">The EU-Project EUREMplus extended the EUREM training network by six partner countries to a total of 30 states. <\/span><span title=\"Die ersten Kurse stie\u00dfen bei Unternehmen in den jeweiligen L\u00e4ndern auf reges Interesse, sodass in einem ersten Durchlauf bereits \u00fcber 100 Teilnehmern in den neuen EUREM Partnerl\u00e4ndern gewonnen und qualifiziert werden konnten.\">The first courses attracted great interest in the respective countries companies, which resulted in over 100 freshly qualified energy Managers. <\/span><span title=\"Die obligatorischen Praxisprojekte dieser Kursteilnehmer l\u00f6sten Investitionen in H\u00f6he von 48 Mio. Euro aus.\">The practical projects of the energy managers triggered investments around 48 million euros. <\/span><span title=\"Die erreichte j\u00e4hrliche Energieeinsparung bel\u00e4uft sich auf rund 155.000 Megawattstunden und entspricht einer Kohlendioxid-Einsparung von 83.000 Tonnen j\u00e4hrlich.\">The achieved annual energy savings amount to approximately 155,000 MWh and corresponds to a carbon dioxide saving of 83,000 tonnes per year. <\/span><span title=\"Das EUREMplus-Projekt f\u00f6rderte zudem die Vernetzung und den Austausch der inzwischen \u00fcber 4.500 EUREM Absolventen, um eine weltweit vernetzte Community von Energieeffizienz-Experten aufzubauen.\">The EUREMplus project also promoted the networking and exchange of over 4,500 EUREM graduates to establish a globally networked community of energy efficiency experts.<\/span><\/p>\n<\/div><div class=\"fusion-title title fusion-title-4 fusion-sep-none fusion-title-text fusion-title-size-two\" style=\"--awb-margin-top-small:0px;--awb-margin-right-small:0px;--awb-margin-bottom-small:20px;--awb-margin-left-small:0px;\"><h2 class=\"fusion-title-heading title-heading-left\" style=\"margin:0;\">Data on EUREMplus<\/h2><\/div><div class=\"fusion-text fusion-text-4\"><p>Duration: May 2013 to October 2015<br \/>\nBudget: 1,347,000 Euros, EU co-funding 75 percent<br \/>\nPartner countries: AT, BL, CY, CZ, DE, HR, MZ, PL, RO<br \/>\nTrainings: 16, Course participants: 254<br \/>\nInvestment triggered: 48,128,705 Euros<br \/>\nFinal energy saved: 155,641 MWh\/a<br \/>\nCost savings: 9,957,000 euros\/a<br \/>\nSaved CO<sub>2<\/sub> emission: 83,811 t\/a<\/p>\n<\/div><div class=\"fusion-title title fusion-title-5 fusion-sep-none fusion-title-text fusion-title-size-two\" style=\"--awb-margin-top-small:0px;--awb-margin-right-small:0px;--awb-margin-bottom-small:20px;--awb-margin-left-small:0px;\"><h2 class=\"fusion-title-heading title-heading-left\" style=\"margin:0;\">EUREMnext project<\/h2><\/div><div class=\"fusion-text fusion-text-5\"><p>Within the follow-up project EUREMnext, the EUREM training could be introduced in another 6 countries (Albania, Bosnia &amp; Herzegovina, Estonia, Latvia, Serbia &amp; Turkey). The actors from the new countries were supported by the established EUREM partners in Austria, Czech Republic, Finland, Germany, Greece and Spain. The EU-funded project &#8220;EUREMnext &#8211; Taking European Energy Managers to next efficiency levels by implementing energy audit recommendations&#8221;, started on 1<sup>st<\/sup> March 2018, headed by the Nuremberg Chamber of Commerce and Industry as the applicant and coordinator of the 13 partners from 12 countries. The 40-month project was funded by the Horizon 2020 Research and Innovation Programme of the European Commission under Grant Agreement No. 785032.<\/p>\n<p>More information is provided in this project <a href=\"https:\/\/www.energymanager.eu\/files\/2021\/07\/brochure.pdf\">brochure<\/a>.<\/p>\n<\/div><div class=\"fusion-title title fusion-title-6 fusion-sep-none fusion-title-text fusion-title-size-two\" style=\"--awb-margin-top-small:0px;--awb-margin-right-small:0px;--awb-margin-bottom-small:20px;--awb-margin-left-small:0px;\"><h2 class=\"fusion-title-heading title-heading-left\" style=\"margin:0;\">Data on EUREMnext<\/h2><\/div><div class=\"fusion-text fusion-text-6\"><p>Duration: March 2018 until June 2021<br \/>\nBudget: 1,809,556 euros<br \/>\nPartner countries: AL, AT, BA, CZ, DE, EE, ES, FI, GR, LV, RS, TR<br \/>\nTrainings: 18, Course participants: 222<\/p>\n<p><strong>Savings potential per participant:<\/strong><br \/>\nEnergy savings: 950 MWh\/a<br \/>\nCost savings: 80,000 Euros\/a<br \/>\nCO<sub>2<\/sub> emissions saved: 550 t\/a<br \/>\nInvestment costs: 250,000 Euros<br \/>\nPayback time: 4.5 years<\/p>\n<\/div><div class=\"fusion-clearfix\"><\/div><\/div><\/div><\/div><\/div>\n","protected":false},"excerpt":{"rendered":"","protected":false},"author":1,"featured_media":0,"parent":0,"menu_order":0,"comment_status":"closed","ping_status":"closed","template":"","meta":{"footnotes":""},"class_list":["post-1539","page","type-page","status-publish","hentry"],"aioseo_notices":[],"jetpack_sharing_enabled":true,"_links":{"self":[{"href":"http:\/\/energymanager.eu\/en\/wp-json\/wp\/v2\/pages\/1539","targetHints":{"allow":["GET"]}}],"collection":[{"href":"http:\/\/energymanager.eu\/en\/wp-json\/wp\/v2\/pages"}],"about":[{"href":"http:\/\/energymanager.eu\/en\/wp-json\/wp\/v2\/types\/page"}],"author":[{"embeddable":true,"href":"http:\/\/energymanager.eu\/en\/wp-json\/wp\/v2\/users\/1"}],"replies":[{"embeddable":true,"href":"http:\/\/energymanager.eu\/en\/wp-json\/wp\/v2\/comments?post=1539"}],"version-history":[{"count":2,"href":"http:\/\/energymanager.eu\/en\/wp-json\/wp\/v2\/pages\/1539\/revisions"}],"predecessor-version":[{"id":1839,"href":"http:\/\/energymanager.eu\/en\/wp-json\/wp\/v2\/pages\/1539\/revisions\/1839"}],"wp:attachment":[{"href":"http:\/\/energymanager.eu\/en\/wp-json\/wp\/v2\/media?parent=1539"}],"curies":[{"name":"wp","href":"https:\/\/api.w.org\/{rel}","templated":true}]}}