{"id":1533,"date":"2022-02-08T15:41:54","date_gmt":"2022-02-08T15:41:54","guid":{"rendered":"http:\/\/energymanager.eu\/?page_id=1533"},"modified":"2022-02-14T14:52:32","modified_gmt":"2022-02-14T14:52:32","slug":"partner","status":"publish","type":"page","link":"http:\/\/energymanager.eu\/en\/euremnext-project\/partner\/","title":{"rendered":"EUREMnext partners"},"content":{"rendered":"<p><div class=\"fusion-fullwidth fullwidth-box fusion-builder-row-1 nonhundred-percent-fullwidth non-hundred-percent-height-scrolling\" style=\"--awb-border-radius-top-left:0px;--awb-border-radius-top-right:0px;--awb-border-radius-bottom-right:0px;--awb-border-radius-bottom-left:0px;--awb-padding-top:10px;--awb-padding-bottom:10px;--awb-flex-wrap:wrap;\" ><div class=\"fusion-builder-row fusion-row\"><div class=\"fusion-layout-column fusion_builder_column fusion-builder-column-0 fusion_builder_column_1_1 1_1 fusion-one-full fusion-column-first fusion-column-last\" style=\"--awb-bg-size:cover;--awb-margin-bottom:0px;\"><div class=\"fusion-column-wrapper fusion-flex-column-wrapper-legacy\"><div class=\"fusion-column-content-centered\"><div class=\"fusion-column-content\"><div class=\"fusion-title title fusion-title-1 fusion-sep-none fusion-title-text fusion-title-size-two\" style=\"--awb-margin-top-small:0px;--awb-margin-right-small:0px;--awb-margin-bottom-small:20px;--awb-margin-left-small:0px;\"><h2 class=\"fusion-title-heading title-heading-left\" style=\"margin:0;\">Members of the EUREMnext Consortium<\/h2><\/div><div class=\"fusion-image-element fusion-image-align-center in-legacy-container\" style=\"text-align:center;--awb-caption-title-font-family:var(--h2_typography-font-family);--awb-caption-title-font-weight:var(--h2_typography-font-weight);--awb-caption-title-font-style:var(--h2_typography-font-style);--awb-caption-title-size:var(--h2_typography-font-size);--awb-caption-title-transform:var(--h2_typography-text-transform);--awb-caption-title-line-height:var(--h2_typography-line-height);--awb-caption-title-letter-spacing:var(--h2_typography-letter-spacing);\"><div class=\"imageframe-align-center\"><span class=\" fusion-imageframe imageframe-none imageframe-1 hover-type-none\"><img decoding=\"async\" width=\"830\" height=\"732\" title=\"Karte-EUREMnext_version_2021\" src=\"http:\/\/energymanager.eu\/wp-content\/uploads\/2022\/02\/Karte-EUREMnext_version_2021.jpg\" alt class=\"img-responsive wp-image-1769\" srcset=\"http:\/\/energymanager.eu\/wp-content\/uploads\/2022\/02\/Karte-EUREMnext_version_2021-200x176.jpg 200w, http:\/\/energymanager.eu\/wp-content\/uploads\/2022\/02\/Karte-EUREMnext_version_2021-400x353.jpg 400w, http:\/\/energymanager.eu\/wp-content\/uploads\/2022\/02\/Karte-EUREMnext_version_2021-600x529.jpg 600w, http:\/\/energymanager.eu\/wp-content\/uploads\/2022\/02\/Karte-EUREMnext_version_2021-800x706.jpg 800w, http:\/\/energymanager.eu\/wp-content\/uploads\/2022\/02\/Karte-EUREMnext_version_2021.jpg 830w\" sizes=\"(max-width: 800px) 100vw, 830px\" \/><\/span><\/div><\/div><div class=\"fusion-sep-clear\"><\/div><div class=\"fusion-separator fusion-full-width-sep\" style=\"margin-left: auto;margin-right: auto;margin-top:10px;margin-bottom:10px;width:100%;\"><\/div><div class=\"fusion-sep-clear\"><\/div><div class=\"fusion-text fusion-text-1\"><p>* This designation is without prejudice to positions on status, and is in line with UNSCR 1244 and the ICJ Opinion on the Kosovo declaration of independence.<\/p>\n<\/div><\/div><\/div><div class=\"fusion-clearfix\"><\/div><\/div><\/div><\/div><\/div><div class=\"fusion-fullwidth fullwidth-box fusion-builder-row-2 nonhundred-percent-fullwidth non-hundred-percent-height-scrolling\" style=\"--awb-border-radius-top-left:0px;--awb-border-radius-top-right:0px;--awb-border-radius-bottom-right:0px;--awb-border-radius-bottom-left:0px;--awb-flex-wrap:wrap;\" ><div class=\"fusion-builder-row fusion-row\"><div class=\"fusion-layout-column fusion_builder_column fusion-builder-column-1 fusion_builder_column_1_1 1_1 fusion-one-full fusion-column-first fusion-column-last fusion-column-no-min-height\" style=\"--awb-padding-top:0px;--awb-padding-right:0px;--awb-padding-bottom:0px;--awb-padding-left:0px;--awb-bg-size:cover;\"><div class=\"fusion-column-wrapper fusion-flex-column-wrapper-legacy\"><div class=\"fusion-column-content-centered\"><div class=\"fusion-column-content\"><div class=\"fusion-flip-boxes flip-boxes row fusion-columns-4 flip-effect-classic\"><div class=\"fusion-flip-box-wrapper fusion-column col-lg-3 col-md-3 col-sm-3\"><div class=\"fusion-flip-box flip-right\" tabindex=\"0\"><div class=\"flip-box-inner-wrapper\"><div class=\"flip-box-front\" style=\"--awb-border-color:rgba(0,0,0,0);\"><div class=\"flip-box-front-inner\"><div class=\"flip-box-grafix flip-box-image\"><img decoding=\"async\" src=\"http:\/\/energymanager.eu\/wp-content\/uploads\/2022\/02\/700px-Flag_of_Albania.svg_-300x214-1.png\" width=\"35\" height=\"24.97\" alt=\"\" \/><\/div><h2 class=\"flip-box-heading without-text\">Albania<\/h2><\/div><\/div><div class=\"flip-box-back\" style=\"--awb-border-color:rgba(0,0,0,0);--awb-background-color-back:#95c11f;--awb-title-back-color:#004b89;--awb-text-back-color:#004b89;\"><div class=\"flip-box-back-inner\"><h3 class=\"flip-box-heading-back\">Austrian Institute of Excellence Ltd. (AIEx)<\/h3>\n<p><a href=\"https:\/\/aie.al\/home\/\" target=\"_blank\" rel=\"noopener noreferrer\"><span style=\"color: #000000;\"><span style=\"color: #004b89;\"><strong>Read more<\/strong><\/span><\/span><\/a><\/p>\n<\/div><\/div><\/div><\/div><\/div><div class=\"fusion-flip-box-wrapper fusion-column col-lg-3 col-md-3 col-sm-3\"><div class=\"fusion-flip-box flip-right\" tabindex=\"0\"><div class=\"flip-box-inner-wrapper\"><div class=\"flip-box-front\" style=\"--awb-border-color:rgba(0,0,0,0);\"><div class=\"flip-box-front-inner\"><div class=\"flip-box-grafix flip-box-image\"><img decoding=\"async\" src=\"http:\/\/energymanager.eu\/wp-content\/uploads\/2022\/02\/900px-Flag_of_Austria.svg_-300x200-1.png\" width=\"35\" height=\"23.33\" alt=\"\" \/><\/div><h2 class=\"flip-box-heading without-text\">Austria<\/h2><\/div><\/div><div class=\"flip-box-back\" style=\"--awb-border-color:rgba(0,0,0,0);--awb-background-color-back:#95c11f;--awb-title-back-color:#004b89;--awb-text-back-color:#004b89;\"><div class=\"flip-box-back-inner\"><h3 class=\"flip-box-heading-back\">Austrian Federal Economic Chamber (WK\u00d6) &amp; EIW<\/h3>\n<p><a href=\"https:\/\/www.wko.at\/service\/Austrian-Economic-Chambers.html\" target=\"_blank\" rel=\"noopener noreferrer\"><span style=\"color: #000000;\"><span style=\"color: #004b89;\"><strong>Read more<\/strong><\/span><\/span><\/a> &amp;<span style=\"color: #004b89;\"> <strong><a href=\"http:\/\/www.energieinstitut.net\/de\/partner\/eiw-energieeffizienzberater\" target=\"_blank\" rel=\"noopener noreferrer\">EIW<\/a><\/strong><\/span><\/p>\n<\/div><\/div><\/div><\/div><\/div><div class=\"fusion-flip-box-wrapper fusion-column col-lg-3 col-md-3 col-sm-3\"><div class=\"fusion-flip-box flip-right\" tabindex=\"0\"><div class=\"flip-box-inner-wrapper\"><div class=\"flip-box-front\" style=\"--awb-border-color:rgba(0,0,0,0);\"><div class=\"flip-box-front-inner\"><div class=\"flip-box-grafix flip-box-image\"><img decoding=\"async\" src=\"http:\/\/energymanager.eu\/wp-content\/uploads\/2022\/02\/900px-Flag_of_Austria.svg_-300x200-1.png\" width=\"35\" height=\"23.33\" alt=\"\" \/><\/div><h2 class=\"flip-box-heading without-text\">Austria<\/h2><\/div><\/div><div class=\"flip-box-back\" style=\"--awb-border-color:rgba(0,0,0,0);--awb-background-color-back:#95c11f;--awb-title-back-color:#004b89;--awb-text-back-color:#004b89;\"><div class=\"flip-box-back-inner\"><h3 class=\"flip-box-heading-back\">Institute for Sustainable Technologies (AEE INTEC)<\/h3>\n<p><a href=\"https:\/\/www.aee-intec.at\/index.php?lang=en\" target=\"_blank\" rel=\"noopener noreferrer\"><span style=\"color: #000000;\"><span style=\"color: #004b89;\"><strong>Read more<\/strong><\/span><\/span><\/a><\/p>\n<\/div><\/div><\/div><\/div><\/div><div class=\"fusion-flip-box-wrapper fusion-column col-lg-3 col-md-3 col-sm-3\"><div class=\"fusion-flip-box flip-right\" tabindex=\"0\"><div class=\"flip-box-inner-wrapper\"><div class=\"flip-box-front\" style=\"--awb-border-color:rgba(0,0,0,0);\"><div class=\"flip-box-front-inner\"><div class=\"flip-box-grafix flip-box-image\"><img decoding=\"async\" src=\"http:\/\/energymanager.eu\/wp-content\/uploads\/2022\/02\/800px-Flag_of_Bosnia_and_Herzegovina.svg_-300x150-1.png\" width=\"35\" height=\"17.5\" alt=\"\" \/><\/div><h2 class=\"flip-box-heading without-text\">Bosnia and Herzegovina<\/h2><\/div><\/div><div class=\"flip-box-back\" style=\"--awb-border-color:rgba(0,0,0,0);--awb-background-color-back:#95c11f;--awb-title-back-color:#004b89;--awb-text-back-color:#004b89;\"><div class=\"flip-box-back-inner\"><h3 class=\"flip-box-heading-back\">DEInternational poslovne usluge d.o.o (DEint BiH)<\/h3>\n<p><a href=\"http:\/\/bosnien.ahk.de\/\" target=\"_blank\" rel=\"noopener noreferrer\"><span style=\"color: #000000;\"><span style=\"color: #004b89;\"><strong>Read more<\/strong><\/span><\/span><\/a><\/p>\n<\/div><\/div><\/div><\/div><\/div><div class=\"fusion-flip-box-wrapper fusion-column col-lg-3 col-md-3 col-sm-3\"><div class=\"fusion-flip-box flip-right\" tabindex=\"0\"><div class=\"flip-box-inner-wrapper\"><div class=\"flip-box-front\" style=\"--awb-border-color:rgba(0,0,0,0);\"><div class=\"flip-box-front-inner\"><div class=\"flip-box-grafix flip-box-image\"><img decoding=\"async\" src=\"http:\/\/energymanager.eu\/wp-content\/uploads\/2022\/02\/800px-Flag_of_the_Czech_Republic.svg_-300x200-1.png\" width=\"35\" height=\"23.33\" alt=\"\" \/><\/div><h2 class=\"flip-box-heading without-text\">Czech Republic<\/h2><\/div><\/div><div class=\"flip-box-back\" style=\"--awb-border-color:rgba(0,0,0,0);--awb-background-color-back:#95c11f;--awb-title-back-color:#004b89;--awb-text-back-color:#004b89;\"><div class=\"flip-box-back-inner\"><h3 class=\"flip-box-heading-back\">AHK Services s.r.o &amp; German Czech Chamber of Industry and Commerce<\/h3>\n<p><a href=\"http:\/\/tschechien.ahk.de\/\" target=\"_blank\" rel=\"noopener noreferrer\"><span style=\"color: #000000;\"><span style=\"color: #004b89;\"><strong>Read more<\/strong><\/span><\/span><\/a><\/p>\n<\/div><\/div><\/div><\/div><\/div><div class=\"fusion-flip-box-wrapper fusion-column col-lg-3 col-md-3 col-sm-3\"><div class=\"fusion-flip-box flip-right\" tabindex=\"0\"><div class=\"flip-box-inner-wrapper\"><div class=\"flip-box-front\" style=\"--awb-border-color:rgba(0,0,0,0);\"><div class=\"flip-box-front-inner\"><div class=\"flip-box-grafix flip-box-image\"><img decoding=\"async\" src=\"http:\/\/energymanager.eu\/wp-content\/uploads\/2022\/02\/800px-Flag_of_Estonia.svg_-300x191-1.png\" width=\"35\" height=\"22.28\" alt=\"\" \/><\/div><h2 class=\"flip-box-heading without-text\">Estonia<\/h2><\/div><\/div><div class=\"flip-box-back\" style=\"--awb-border-color:rgba(0,0,0,0);--awb-background-color-back:#95c11f;--awb-title-back-color:#004b89;--awb-text-back-color:#004b89;\"><div class=\"flip-box-back-inner\"><h3 class=\"flip-box-heading-back\">Estonian Chamber of Commerce and Industry (ECCI)<\/h3>\n<p><a href=\"https:\/\/www.koda.ee\/en\" target=\"_blank\" rel=\"noopener noreferrer\"><span style=\"color: #000000;\"><span style=\"color: #004b89;\"><strong>Read more<\/strong><\/span><\/span><\/a><\/p>\n<\/div><\/div><\/div><\/div><\/div><div class=\"fusion-flip-box-wrapper fusion-column col-lg-3 col-md-3 col-sm-3\"><div class=\"fusion-flip-box flip-right\" tabindex=\"0\"><div class=\"flip-box-inner-wrapper\"><div class=\"flip-box-front\" style=\"--awb-border-color:rgba(0,0,0,0);\"><div class=\"flip-box-front-inner\"><div class=\"flip-box-grafix flip-box-image\"><img decoding=\"async\" src=\"http:\/\/energymanager.eu\/wp-content\/uploads\/2022\/02\/800px-Flag_of_Finland.svg_-300x183-1.png\" width=\"35\" height=\"21.35\" alt=\"\" \/><\/div><h2 class=\"flip-box-heading without-text\">Finland<\/h2><\/div><\/div><div class=\"flip-box-back\" style=\"--awb-border-color:rgba(0,0,0,0);--awb-background-color-back:#95c11f;--awb-title-back-color:#004b89;--awb-text-back-color:#004b89;\"><div class=\"flip-box-back-inner\"><h3 class=\"flip-box-heading-back\">Ammattienedist\u00e4mislaitoss\u00e4\u00e4ti\u00f6 (AEL)<\/h3>\n<p><a href=\"https:\/\/www.ael.fi\/ael-english\" target=\"_blank\" rel=\"noopener noreferrer\"><span style=\"color: #000000;\"><span style=\"color: #004b89;\"><strong>Read more<\/strong><\/span><\/span><\/a><\/p>\n<\/div><\/div><\/div><\/div><\/div><div class=\"fusion-flip-box-wrapper fusion-column col-lg-3 col-md-3 col-sm-3\"><div class=\"fusion-flip-box flip-right\" tabindex=\"0\"><div class=\"flip-box-inner-wrapper\"><div class=\"flip-box-front\" style=\"--awb-border-color:rgba(0,0,0,0);\"><div class=\"flip-box-front-inner\"><div class=\"flip-box-grafix flip-box-image\"><img decoding=\"async\" src=\"http:\/\/energymanager.eu\/wp-content\/uploads\/2022\/02\/800px-Flag_of_Germany.svg_-300x180-1.png\" width=\"35\" height=\"21\" alt=\"\" \/><\/div><h2 class=\"flip-box-heading without-text\">Germany<\/h2><\/div><\/div><div class=\"flip-box-back\" style=\"--awb-border-color:rgba(0,0,0,0);--awb-background-color-back:#95c11f;--awb-title-back-color:#004b89;--awb-text-back-color:#004b89;\"><div class=\"flip-box-back-inner\"><h3 class=\"flip-box-heading-back\">Nuremberg Chamber of Commerce and Industry (NCCI)<\/h3>\n<p><a href=\"https:\/\/www.ihk-nuernberg.de\/de\/Geschaeftsbereiche\/index.html\" target=\"_blank\" rel=\"noopener noreferrer\"><span style=\"color: #000000;\"><span style=\"color: #004b89;\"><strong>Read more<\/strong><\/span><\/span><\/a><\/p>\n<\/div><\/div><\/div><\/div><\/div><div class=\"fusion-flip-box-wrapper fusion-column col-lg-3 col-md-3 col-sm-3\"><div class=\"fusion-flip-box flip-right\" tabindex=\"0\"><div class=\"flip-box-inner-wrapper\"><div class=\"flip-box-front\" style=\"--awb-border-color:rgba(0,0,0,0);\"><div class=\"flip-box-front-inner\"><div class=\"flip-box-grafix flip-box-image\"><img decoding=\"async\" src=\"http:\/\/energymanager.eu\/wp-content\/uploads\/2022\/02\/600px-Flag_of_Greece.svg_-300x200-1.png\" width=\"35\" height=\"23.33\" alt=\"\" \/><\/div><h2 class=\"flip-box-heading without-text\">Greece<\/h2><\/div><\/div><div class=\"flip-box-back\" style=\"--awb-border-color:rgba(0,0,0,0);--awb-background-color-back:#95c11f;--awb-title-back-color:#004b89;--awb-text-back-color:#004b89;\"><div class=\"flip-box-back-inner\"><h3 class=\"flip-box-heading-back\">German-Hellenic Chamber of Industry and Commerce (DGIHK)<\/h3>\n<p><a href=\"https:\/\/griechenland.ahk.de\/\" target=\"_blank\" rel=\"noopener noreferrer\"><span style=\"color: #000000;\"><span style=\"color: #004b89;\"><strong>Read more<\/strong><\/span><\/span><\/a><\/p>\n<\/div><\/div><\/div><\/div><\/div><div class=\"fusion-flip-box-wrapper fusion-column col-lg-3 col-md-3 col-sm-3\"><div class=\"fusion-flip-box flip-right\" tabindex=\"0\"><div class=\"flip-box-inner-wrapper\"><div class=\"flip-box-front\" style=\"--awb-border-color:rgba(0,0,0,0);\"><div class=\"flip-box-front-inner\"><div class=\"flip-box-grafix flip-box-image\"><img decoding=\"async\" src=\"http:\/\/energymanager.eu\/wp-content\/uploads\/2022\/02\/800px-Flag_of_Latvia.svg_-300x150-1.png\" width=\"35\" height=\"17.5\" alt=\"\" \/><\/div><h2 class=\"flip-box-heading without-text\">Latvia<\/h2><\/div><\/div><div class=\"flip-box-back\" style=\"--awb-border-color:rgba(0,0,0,0);--awb-background-color-back:#95c11f;--awb-title-back-color:#004b89;--awb-text-back-color:#004b89;\"><div class=\"flip-box-back-inner\"><h3 class=\"flip-box-heading-back\">Latvian Chamber of Commerce and Industry (LCCI)<\/h3>\n<p><a href=\"https:\/\/www.chamber.lv\/en\" target=\"_blank\" rel=\"noopener noreferrer\"><span style=\"color: #000000;\"><span style=\"color: #004b89;\"><strong>Read more<\/strong><\/span><\/span><\/a><\/p>\n<\/div><\/div><\/div><\/div><\/div><div class=\"fusion-flip-box-wrapper fusion-column col-lg-3 col-md-3 col-sm-3\"><div class=\"fusion-flip-box flip-right\" tabindex=\"0\"><div class=\"flip-box-inner-wrapper\"><div class=\"flip-box-front\" style=\"--awb-border-color:rgba(0,0,0,0);\"><div class=\"flip-box-front-inner\"><div class=\"flip-box-grafix flip-box-image\"><img decoding=\"async\" src=\"http:\/\/energymanager.eu\/wp-content\/uploads\/2022\/02\/800px-Flag_of_Serbia.svg_-300x200-1.png\" width=\"35\" height=\"23.33\" alt=\"\" \/><\/div><h2 class=\"flip-box-heading without-text\">Serbia<\/h2><\/div><\/div><div class=\"flip-box-back\" style=\"--awb-border-color:rgba(0,0,0,0);--awb-background-color-back:#95c11f;--awb-title-back-color:#004b89;--awb-text-back-color:#004b89;\"><div class=\"flip-box-back-inner\"><h3 class=\"flip-box-heading-back\">Chamber of Commerce and Industry of Serbia (CCIS)<\/h3>\n<p><a href=\"http:\/\/www.pks.rs\/Default.aspx\" target=\"_blank\" rel=\"noopener noreferrer\"><span style=\"color: #000000;\"><span style=\"color: #004b89;\"><strong>Read more<\/strong><\/span><\/span><\/a><\/p>\n<\/div><\/div><\/div><\/div><\/div><div class=\"fusion-flip-box-wrapper fusion-column col-lg-3 col-md-3 col-sm-3\"><div class=\"fusion-flip-box flip-right\" tabindex=\"0\"><div class=\"flip-box-inner-wrapper\"><div class=\"flip-box-front\" style=\"--awb-border-color:rgba(0,0,0,0);\"><div class=\"flip-box-front-inner\"><div class=\"flip-box-grafix flip-box-image\"><img decoding=\"async\" src=\"http:\/\/energymanager.eu\/wp-content\/uploads\/2022\/02\/750px-Flag_of_Spain.svg_-300x200-1.png\" width=\"35\" height=\"23.33\" alt=\"\" \/><\/div><h2 class=\"flip-box-heading without-text\">Spain<\/h2><\/div><\/div><div class=\"flip-box-back\" style=\"--awb-border-color:rgba(0,0,0,0);--awb-background-color-back:#95c11f;--awb-title-back-color:#004b89;--awb-text-back-color:#004b89;\"><div class=\"flip-box-back-inner\"><h3 class=\"flip-box-heading-back\">ESCAN SL<\/h3>\n<p><a href=\"http:\/\/english.escansa.es\/\" target=\"_blank\" rel=\"noopener noreferrer\"><span style=\"color: #000000;\"><span style=\"color: #004b89;\"><strong>Read more<\/strong><\/span><\/span><\/a><\/p>\n<\/div><\/div><\/div><\/div><\/div><div class=\"fusion-flip-box-wrapper fusion-column col-lg-3 col-md-3 col-sm-3\"><div class=\"fusion-flip-box flip-right\" tabindex=\"0\"><div class=\"flip-box-inner-wrapper\"><div class=\"flip-box-front\" style=\"--awb-border-color:rgba(0,0,0,0);\"><div class=\"flip-box-front-inner\"><div class=\"flip-box-grafix flip-box-image\"><img decoding=\"async\" src=\"http:\/\/energymanager.eu\/wp-content\/uploads\/2022\/02\/800px-Flag_of_Turkey.svg_-300x200-1.png\" width=\"35\" height=\"23.33\" alt=\"\" \/><\/div><h2 class=\"flip-box-heading without-text\">Turkey<\/h2><\/div><\/div><div class=\"flip-box-back\" style=\"--awb-border-color:rgba(0,0,0,0);--awb-background-color-back:#95c11f;--awb-title-back-color:#004b89;--awb-text-back-color:#004b89;\"><div class=\"flip-box-back-inner\"><h3 class=\"flip-box-heading-back\">DEinternational Servis Hizmetleri A.S. (DEAS)<\/h3>\n<p><a href=\"https:\/\/www.dtr-deinternational.com\/index.php\" target=\"_blank\" rel=\"noopener noreferrer\"><span style=\"color: #000000;\"><span style=\"color: #004b89;\"><strong>Read more<\/strong><\/span><\/span><\/a><\/p>\n<\/div><\/div><\/div><\/div><\/div><\/div><div class=\"clearfix\"><\/div><div class=\"fusion-text fusion-text-2\" style=\"--awb-text-transform:none;\"><p><img decoding=\"async\" class=\"alignnone size-full wp-image-1755\" src=\"http:\/\/energymanager.eu\/wp-content\/uploads\/2022\/02\/EUREMnext-logo-RBG-300x106-1.jpg\" alt=\"\" width=\"300\" height=\"106\" srcset=\"http:\/\/energymanager.eu\/wp-content\/uploads\/2022\/02\/EUREMnext-logo-RBG-300x106-1-200x71.jpg 200w, http:\/\/energymanager.eu\/wp-content\/uploads\/2022\/02\/EUREMnext-logo-RBG-300x106-1.jpg 300w\" sizes=\"(max-width: 300px) 100vw, 300px\" \/><img decoding=\"async\" class=\"alignnone size-full wp-image-1416\" src=\"http:\/\/energymanager.eu\/wp-content\/uploads\/2022\/02\/Unbenannt-1.png\" alt=\"\" width=\"573\" height=\"87\" srcset=\"http:\/\/energymanager.eu\/wp-content\/uploads\/2022\/02\/Unbenannt-1-200x30.png 200w, http:\/\/energymanager.eu\/wp-content\/uploads\/2022\/02\/Unbenannt-1-300x46.png 300w, http:\/\/energymanager.eu\/wp-content\/uploads\/2022\/02\/Unbenannt-1-400x61.png 400w, http:\/\/energymanager.eu\/wp-content\/uploads\/2022\/02\/Unbenannt-1.png 573w\" sizes=\"(max-width: 573px) 100vw, 573px\" \/><\/p>\n<\/div><\/div><\/div><div class=\"fusion-clearfix\"><\/div><\/div><\/div><\/div><\/div><\/p>\n","protected":false},"excerpt":{"rendered":"","protected":false},"author":1,"featured_media":0,"parent":1528,"menu_order":0,"comment_status":"closed","ping_status":"closed","template":"","meta":{"footnotes":""},"class_list":["post-1533","page","type-page","status-publish","hentry"],"aioseo_notices":[],"jetpack_sharing_enabled":true,"_links":{"self":[{"href":"http:\/\/energymanager.eu\/en\/wp-json\/wp\/v2\/pages\/1533","targetHints":{"allow":["GET"]}}],"collection":[{"href":"http:\/\/energymanager.eu\/en\/wp-json\/wp\/v2\/pages"}],"about":[{"href":"http:\/\/energymanager.eu\/en\/wp-json\/wp\/v2\/types\/page"}],"author":[{"embeddable":true,"href":"http:\/\/energymanager.eu\/en\/wp-json\/wp\/v2\/users\/1"}],"replies":[{"embeddable":true,"href":"http:\/\/energymanager.eu\/en\/wp-json\/wp\/v2\/comments?post=1533"}],"version-history":[{"count":6,"href":"http:\/\/energymanager.eu\/en\/wp-json\/wp\/v2\/pages\/1533\/revisions"}],"predecessor-version":[{"id":1876,"href":"http:\/\/energymanager.eu\/en\/wp-json\/wp\/v2\/pages\/1533\/revisions\/1876"}],"up":[{"embeddable":true,"href":"http:\/\/energymanager.eu\/en\/wp-json\/wp\/v2\/pages\/1528"}],"wp:attachment":[{"href":"http:\/\/energymanager.eu\/en\/wp-json\/wp\/v2\/media?parent=1533"}],"curies":[{"name":"wp","href":"https:\/\/api.w.org\/{rel}","templated":true}]}}